{"id":97,"date":"2024-09-12T23:45:47","date_gmt":"2024-09-12T23:45:47","guid":{"rendered":"https:\/\/logn.is\/?page_id=97"},"modified":"2024-09-12T23:45:47","modified_gmt":"2024-09-12T23:45:47","slug":"gagnasofnun","status":"publish","type":"page","link":"https:\/\/logn.is\/index.php\/gagnasofnun\/","title":{"rendered":"Gagnas\u00f6fnun"},"content":{"rendered":"\n<ul class=\"wp-block-list\">\n<li><strong>Skrapa nets\u00ed\u00f0ur<\/strong>: T\u00e6knikunn\u00e1tta til a\u00f0 skrapa g\u00f6gn af netinu, hvort sem um er a\u00f0 r\u00e6\u00f0a greinar, vefs\u00ed\u00f0ur, e\u00f0a a\u00f0ra opinbera gagnagjafa.<\/li>\n\n\n\n<li><strong>\u00d6flun gagna \u00far API<\/strong>: A\u00f0 tengjast opnum e\u00f0a loku\u00f0um API-kerfum til a\u00f0 draga inn n\u00fdjustu uppl\u00fdsingar beint \u00far heimildum.<\/li>\n\n\n\n<li><strong>Handvirk gagnas\u00f6fnun<\/strong>: Samstarf vi\u00f0 einstaklinga e\u00f0a stofnanir til a\u00f0 f\u00e1 gagnasett afhent \u00ed r\u00e9ttum formi.<\/li>\n\n\n\n<li>N\u00fdta gervigreind vi\u00f0 gagnas\u00f6fnun.<\/li>\n\n\n\n<li>A\u00f0sto\u00f0a vi\u00f0 leit a\u00f0 g\u00f6gnum \u00ed b\u00f3kum, greinum og s\u00f6fnum.<\/li>\n<\/ul>\n","protected":false},"excerpt":{"rendered":"","protected":false},"author":1,"featured_media":0,"parent":0,"menu_order":0,"comment_status":"closed","ping_status":"closed","template":"","meta":{"footnotes":""},"class_list":["post-97","page","type-page","status-publish","hentry"],"_links":{"self":[{"href":"https:\/\/logn.is\/index.php\/wp-json\/wp\/v2\/pages\/97","targetHints":{"allow":["GET"]}}],"collection":[{"href":"https:\/\/logn.is\/index.php\/wp-json\/wp\/v2\/pages"}],"about":[{"href":"https:\/\/logn.is\/index.php\/wp-json\/wp\/v2\/types\/page"}],"author":[{"embeddable":true,"href":"https:\/\/logn.is\/index.php\/wp-json\/wp\/v2\/users\/1"}],"replies":[{"embeddable":true,"href":"https:\/\/logn.is\/index.php\/wp-json\/wp\/v2\/comments?post=97"}],"version-history":[{"count":1,"href":"https:\/\/logn.is\/index.php\/wp-json\/wp\/v2\/pages\/97\/revisions"}],"predecessor-version":[{"id":98,"href":"https:\/\/logn.is\/index.php\/wp-json\/wp\/v2\/pages\/97\/revisions\/98"}],"wp:attachment":[{"href":"https:\/\/logn.is\/index.php\/wp-json\/wp\/v2\/media?parent=97"}],"curies":[{"name":"wp","href":"https:\/\/api.w.org\/{rel}","templated":true}]}}