{"id":87,"date":"2024-09-12T23:16:36","date_gmt":"2024-09-12T23:16:36","guid":{"rendered":"https:\/\/logn.is\/?page_id=87"},"modified":"2024-09-12T23:47:09","modified_gmt":"2024-09-12T23:47:09","slug":"gogn","status":"publish","type":"page","link":"https:\/\/logn.is\/index.php\/gogn\/","title":{"rendered":"Gagnavinnsla"},"content":{"rendered":"\n<ul class=\"wp-block-list\">\n<li><strong>Hreinsun gagna<\/strong>: Hreinsa g\u00f6gn og b\u00faa \u00feau undir frekari greiningu, me\u00f0h\u00f6ndla villur, v\u00f6ntun \u00e1 gildum, og st\u00f6\u00f0lun \u00e1 g\u00f6gnum og sni\u00f0um.<\/li>\n\n\n\n<li><strong>Sam\u00fe\u00e6tting gagna<\/strong>: Sam\u00fe\u00e6tting \u00f3l\u00edkra gagnasafna til a\u00f0 mynda samr\u00e6mda og heildr\u00e6na gagnagrunna.<\/li>\n\n\n\n<li><strong>Umbreyting gagna<\/strong>: Umbreyta g\u00f6gnunum \u00ed vi\u00f0eigandi form fyrir frekari vinnslu, t.d. samr\u00e6ma form\u00f6tt og \u00farvinnslua\u00f0fer\u00f0ir.<\/li>\n\n\n\n<li>N\u00fdta gervigreind vi\u00f0 gagnavinnslu.<\/li>\n<\/ul>\n","protected":false},"excerpt":{"rendered":"","protected":false},"author":1,"featured_media":0,"parent":0,"menu_order":0,"comment_status":"closed","ping_status":"closed","template":"","meta":{"footnotes":""},"class_list":["post-87","page","type-page","status-publish","hentry"],"_links":{"self":[{"href":"https:\/\/logn.is\/index.php\/wp-json\/wp\/v2\/pages\/87","targetHints":{"allow":["GET"]}}],"collection":[{"href":"https:\/\/logn.is\/index.php\/wp-json\/wp\/v2\/pages"}],"about":[{"href":"https:\/\/logn.is\/index.php\/wp-json\/wp\/v2\/types\/page"}],"author":[{"embeddable":true,"href":"https:\/\/logn.is\/index.php\/wp-json\/wp\/v2\/users\/1"}],"replies":[{"embeddable":true,"href":"https:\/\/logn.is\/index.php\/wp-json\/wp\/v2\/comments?post=87"}],"version-history":[{"count":4,"href":"https:\/\/logn.is\/index.php\/wp-json\/wp\/v2\/pages\/87\/revisions"}],"predecessor-version":[{"id":100,"href":"https:\/\/logn.is\/index.php\/wp-json\/wp\/v2\/pages\/87\/revisions\/100"}],"wp:attachment":[{"href":"https:\/\/logn.is\/index.php\/wp-json\/wp\/v2\/media?parent=87"}],"curies":[{"name":"wp","href":"https:\/\/api.w.org\/{rel}","templated":true}]}}