{"id":82,"date":"2024-09-12T23:03:21","date_gmt":"2024-09-12T23:03:21","guid":{"rendered":"https:\/\/logn.is\/?page_id=82"},"modified":"2024-09-12T23:03:21","modified_gmt":"2024-09-12T23:03:21","slug":"opinberstjornsysla-gervigreind-og-stefnumotun","status":"publish","type":"page","link":"https:\/\/logn.is\/index.php\/opinberstjornsysla-gervigreind-og-stefnumotun\/","title":{"rendered":"Opinberstj\u00f3rns\u00fdsla, gervigreind og stefnum\u00f3tun"},"content":{"rendered":"\n<p>Gervigreindin er ein af \u00feeim t\u00e6kni\u00fer\u00f3unum sem hefur m\u00f6guleika til a\u00f0 breyta grundvallaratri\u00f0um \u00ed opinberri stj\u00f3rns\u00fdslu. Me\u00f0 getu til a\u00f0 vinna \u00far st\u00f3rum gagnas\u00f6fnum, greina fl\u00f3knar a\u00f0st\u00e6\u00f0ur og auka sj\u00e1lfvirkni \u00ed ferlum, getur gervigreind or\u00f0i\u00f0 lykilverkf\u00e6ri til a\u00f0 b\u00e6ta stefnum\u00f3tun, \u00fej\u00f3nustu og rekstur opinberra stofnana. Hins vegar \u00fearf a\u00f0 huga a\u00f0 fj\u00f6lm\u00f6rgum \u00fe\u00e1ttum \u00feegar kemur a\u00f0 \u00fev\u00ed a\u00f0 innlei\u00f0a Gervigreindina \u00ed stj\u00f3rns\u00fdslu, \u00fear \u00e1 me\u00f0al si\u00f0fer\u00f0ilegum og f\u00e9lagslegum \u00e1hrifum, gagns\u00e6i og \u00f6ryggi.<\/p>\n\n\n\n<p><\/p>\n\n\n\n<h3 class=\"wp-block-heading\">Kostir gervigreindar \u00ed opinberri stefnum\u00f3tun<\/h3>\n\n\n\n<p>Gervigreind b\u00fd\u00f0ur upp \u00e1 margv\u00edslega kosti \u00feegar kemur a\u00f0 stefnum\u00f3tun \u00ed stj\u00f3rns\u00fdslu, \u00fear \u00e1 me\u00f0al:<\/p>\n\n\n\n<ol class=\"wp-block-list\">\n<li><strong>\u00c1kvar\u00f0anat\u00f6ku bygg\u00f0a \u00e1 g\u00f6gnum<\/strong>: Gervigreindin getur unni\u00f0 \u00far g\u00f6gnum fr\u00e1 m\u00f6rgum mismunandi svi\u00f0um og veitt inns\u00fdn sem byggir \u00e1 raunt\u00edma uppl\u00fdsingum. \u00deetta gerir stj\u00f3rnv\u00f6ldum kleift a\u00f0 taka \u00e1kvar\u00f0anir \u00e1 grundvelli gagna, sem lei\u00f0ir til markvissari og betri stefnum\u00f3tunar.<\/li>\n\n\n\n<li><strong>Sp\u00e1l\u00edk\u00f6n og forvarnir<\/strong>: Me\u00f0 \u00fev\u00ed a\u00f0 greina \u00fer\u00f3un og mynstur \u00ed st\u00f3rum gagnas\u00f6fnum getur Gervigreindin sp\u00e1\u00f0 fyrir um \u00fdmsa samf\u00e9lagslega atbur\u00f0i, eins og breytingar \u00e1 atvinnumarka\u00f0i, heilbrig\u00f0ism\u00e1lum e\u00f0a umhverfism\u00e1lum. \u00deetta gerir stj\u00f3rnv\u00f6ldum kleift a\u00f0 breg\u00f0ast vi\u00f0 fyrirbyggjandi, \u00ed sta\u00f0 \u00feess a\u00f0 taka \u00e1kvar\u00f0anir eftir a\u00f0 ska\u00f0inn er ske\u00f0ur.<\/li>\n\n\n\n<li><strong>Sj\u00e1lfvirkni \u00ed ferlum<\/strong>: Gervigreindin getur einfalda\u00f0 m\u00f6rg stj\u00f3rns\u00fdsluferli sem annars eru t\u00edmafrek og kostna\u00f0ars\u00f6m. Me\u00f0 sj\u00e1lfvirkum kerfum sem vinna \u00far ums\u00f3knum, grei\u00f0slum e\u00f0a fyrirspurnum geta stj\u00f3rnv\u00f6ld minnka\u00f0 bi\u00f0t\u00edma og auki\u00f0 skilvirkni.<\/li>\n\n\n\n<li><strong>S\u00e9rsni\u00f0in opinber \u00fej\u00f3nusta<\/strong>: Gervigreindin getur greint \u00fearfir \u00edb\u00faa og hj\u00e1lpa\u00f0 stj\u00f3rnv\u00f6ldum a\u00f0 bj\u00f3\u00f0a s\u00e9rsni\u00f0na \u00fej\u00f3nustu bygg\u00f0a \u00e1 einstaklingsbundnum \u00fe\u00f6rfum. \u00deetta g\u00e6ti t.d. falist \u00ed \u00fev\u00ed a\u00f0 s\u00e9rsn\u00ed\u00f0a heilbrig\u00f0is\u00fej\u00f3nustu e\u00f0a f\u00e9lagslega a\u00f0sto\u00f0 til a\u00f0 tryggja a\u00f0 hver einstaklingur f\u00e1i n\u00e1kv\u00e6mlega \u00fe\u00e1 \u00fej\u00f3nustu sem hann \u00fearfnast.<\/li>\n<\/ol>\n\n\n\n<p><\/p>\n\n\n\n<h3 class=\"wp-block-heading\">\u00c1h\u00e6ttur og \u00e1skoranir<\/h3>\n\n\n\n<p>\u00der\u00e1tt fyrir marga kosti, fylgja \u00fev\u00ed \u00e1kve\u00f0nar \u00e1skoranir og \u00e1h\u00e6ttur a\u00f0 n\u00fdta gervigreind \u00ed stefnum\u00f3tun opinberra a\u00f0ila:<\/p>\n\n\n\n<ol class=\"wp-block-list\">\n<li><strong>Skortur \u00e1 gagns\u00e6i<\/strong>: Gervigreindart\u00e6ki geta veri\u00f0 mj\u00f6g fl\u00f3kin og \u00e1kvar\u00f0anir \u00feeirra oft \u00f3skiljanlegar fyrir almenning. \u00dea\u00f0 getur skapa\u00f0 vandam\u00e1l var\u00f0andi gagns\u00e6i \u00feegar \u00e1kv\u00f6r\u00f0un sem tekin er af Gervigreindinni hefur mikil \u00e1hrif \u00e1 einstaklinga e\u00f0a samf\u00e9l\u00f6g.<\/li>\n\n\n\n<li><strong>Si\u00f0fer\u00f0ileg vandam\u00e1l<\/strong>: Spurningar um hlutdr\u00e6gni og r\u00e9ttl\u00e6ti koma oft upp \u00feegar gervigreindin er notu\u00f0 \u00ed stj\u00f3rns\u00fdslu. Gervigreindin l\u00e6rir af g\u00f6gnum, en ef \u00feessi g\u00f6gn innihalda forsendur sem endurspegla samf\u00e9lagslega hlutdr\u00e6gni, getur \u00fea\u00f0 haft \u00ed f\u00f6r me\u00f0 s\u00e9r \u00f3r\u00e9ttl\u00e1tar \u00e1kvar\u00f0anir. Opinber stj\u00f3rns\u00fdsla \u00fearf a\u00f0 tryggja a\u00f0 Gervigreindar kerfi virki \u00e1 si\u00f0fer\u00f0islega r\u00e9ttan h\u00e1tt og a\u00f0 \u00feau stu\u00f0li ekki a\u00f0 \u00f3jafnr\u00e9tti.<\/li>\n\n\n\n<li><strong>Pers\u00f3nuvernd og \u00f6ryggi<\/strong>: Opinber stj\u00f3rns\u00fdsla vinnur oft me\u00f0 vi\u00f0kv\u00e6mar uppl\u00fdsingar um einstaklinga. Gervigreindarkerfikerfi \u00feurfa a\u00f0 tryggja a\u00f0 \u00feessi g\u00f6gn s\u00e9u \u00f6rugg og a\u00f0 pers\u00f3nuvernd s\u00e9 trygg\u00f0. Mist\u00f6k e\u00f0a \u00f6ryggisbrot geta haft alvarlegar aflei\u00f0ingar fyrir traust almennings \u00e1 stj\u00f3rnv\u00f6ldum.<\/li>\n\n\n\n<li><strong>T\u00e6knileg innlei\u00f0ing og \u00feekkingarskortur<\/strong>: Opinberar stofnanir \u00feurfa a\u00f0 b\u00faa yfir t\u00e6knilegri getu og \u00feekkingu til a\u00f0 innlei\u00f0a og vi\u00f0halda gervigreindarkerfum. \u00dea\u00f0 krefst fj\u00e1rfestingar \u00ed innvi\u00f0um og \u00fej\u00e1lfun starfsmanna til a\u00f0 tryggja a\u00f0 gervigreindin s\u00e9 n\u00fdtt \u00e1 r\u00e9ttan h\u00e1tt og ekki misnotu\u00f0 e\u00f0a nota\u00f0 rangt.<\/li>\n<\/ol>\n\n\n\n<p><\/p>\n\n\n\n<h3 class=\"wp-block-heading\">Framt\u00ed\u00f0in: A\u00f0 n\u00fdta m\u00f6guleikana \u00e1 \u00e1byrgan h\u00e1tt<\/h3>\n\n\n\n<p>Til a\u00f0 n\u00fdta m\u00f6guleika gervigreindar \u00ed opinberri stefnum\u00f3tun \u00e1 \u00e1byrgan h\u00e1tt \u00feurfa stj\u00f3rnv\u00f6ld a\u00f0 setja upp sk\u00fdrar reglur og vi\u00f0mi\u00f0. \u00dea\u00f0 \u00fearf a\u00f0 tryggja a\u00f0 Gervigreindar kerfi s\u00e9u r\u00e9tt h\u00f6nnu\u00f0, gagns\u00e6 og a\u00f0gengileg almenningi til a\u00f0 byggja upp traust og auka skilning \u00e1 \u00fev\u00ed hvernig \u00e1kv\u00f6r\u00f0anir eru teknar.<\/p>\n\n\n\n<p>\u00de\u00e1 er mikilv\u00e6gt a\u00f0 fylgjast me\u00f0 \u00fer\u00f3un si\u00f0fer\u00f0islegra vi\u00f0mi\u00f0a og lagaumhverfis var\u00f0andi notkun gervigreindar, svo h\u00e6gt s\u00e9 a\u00f0 m\u00e6ta \u00e1skorunum sem tengjast pers\u00f3nuvernd, gagns\u00e6i og mannr\u00e9ttindum.<\/p>\n\n\n\n<p>Gervigreind hefur m\u00f6guleika \u00e1 a\u00f0 gj\u00f6rbylta opinberri stj\u00f3rns\u00fdslu me\u00f0 \u00fev\u00ed a\u00f0 b\u00e6ta \u00e1kvar\u00f0anat\u00f6kuferli og \u00fej\u00f3nustu vi\u00f0 almenning. Hins vegar er lykilatri\u00f0i a\u00f0 innlei\u00f0ing hennar s\u00e9 ger\u00f0 \u00e1 \u00e1byrgan og varf\u00e6rinn h\u00e1tt, me\u00f0 hagsmuni almennings a\u00f0 lei\u00f0arlj\u00f3si.<\/p>\n","protected":false},"excerpt":{"rendered":"<p>Gervigreindin er ein af \u00feeim t\u00e6kni\u00fer\u00f3unum sem hefur m\u00f6guleika til a\u00f0 breyta grundvallaratri\u00f0um \u00ed opinberri stj\u00f3rns\u00fdslu. Me\u00f0 getu til a\u00f0 vinna \u00far st\u00f3rum gagnas\u00f6fnum, greina fl\u00f3knar a\u00f0st\u00e6\u00f0ur og auka sj\u00e1lfvirkni \u00ed ferlum, getur gervigreind or\u00f0i\u00f0 lykilverkf\u00e6ri til a\u00f0 b\u00e6ta stefnum\u00f3tun, \u00fej\u00f3nustu og rekstur opinberra stofnana. Hins vegar \u00fearf a\u00f0 huga a\u00f0 fj\u00f6lm\u00f6rgum \u00fe\u00e1ttum \u00feegar kemur [&hellip;]<\/p>\n","protected":false},"author":1,"featured_media":0,"parent":0,"menu_order":0,"comment_status":"closed","ping_status":"closed","template":"","meta":{"footnotes":""},"class_list":["post-82","page","type-page","status-publish","hentry"],"_links":{"self":[{"href":"https:\/\/logn.is\/index.php\/wp-json\/wp\/v2\/pages\/82","targetHints":{"allow":["GET"]}}],"collection":[{"href":"https:\/\/logn.is\/index.php\/wp-json\/wp\/v2\/pages"}],"about":[{"href":"https:\/\/logn.is\/index.php\/wp-json\/wp\/v2\/types\/page"}],"author":[{"embeddable":true,"href":"https:\/\/logn.is\/index.php\/wp-json\/wp\/v2\/users\/1"}],"replies":[{"embeddable":true,"href":"https:\/\/logn.is\/index.php\/wp-json\/wp\/v2\/comments?post=82"}],"version-history":[{"count":1,"href":"https:\/\/logn.is\/index.php\/wp-json\/wp\/v2\/pages\/82\/revisions"}],"predecessor-version":[{"id":83,"href":"https:\/\/logn.is\/index.php\/wp-json\/wp\/v2\/pages\/82\/revisions\/83"}],"wp:attachment":[{"href":"https:\/\/logn.is\/index.php\/wp-json\/wp\/v2\/media?parent=82"}],"curies":[{"name":"wp","href":"https:\/\/api.w.org\/{rel}","templated":true}]}}