{"id":80,"date":"2024-09-12T22:55:56","date_gmt":"2024-09-12T22:55:56","guid":{"rendered":"https:\/\/logn.is\/?page_id=80"},"modified":"2024-09-12T22:55:57","modified_gmt":"2024-09-12T22:55:57","slug":"gervigreind-og-atvinnulifid-kostir-gallar-og-framtidin","status":"publish","type":"page","link":"https:\/\/logn.is\/index.php\/gervigreind-og-atvinnulifid-kostir-gallar-og-framtidin\/","title":{"rendered":"Gervigreind og atvinnul\u00edfi\u00f0: Kostir, gallar og framt\u00ed\u00f0in"},"content":{"rendered":"\n<p>Gervigreind er ein af \u00feeim t\u00e6kniframf\u00f6rum sem hafa umbreytt m\u00f6rgum svi\u00f0um atvinnul\u00edfsins \u00e1 undanf\u00f6rnum \u00e1rum. Fyrirt\u00e6ki \u00ed \u00fdmsum geirum, allt fr\u00e1 fj\u00e1rm\u00e1lum til framlei\u00f0slu, n\u00fdta s\u00e9r n\u00fa gervigreindina til a\u00f0 b\u00e6ta afk\u00f6st, auka n\u00e1kv\u00e6mni og sty\u00f0ja vi\u00f0 \u00e1kvar\u00f0anat\u00f6ku. En \u00fer\u00e1tt fyrir marga kosti, fylgja gervigreindinni einnig \u00e1kve\u00f0nar \u00e1skoranir og \u00e1h\u00e6ttur. Hva\u00f0 er \u00fea\u00f0 sem gerir gervigreindina svona spennandi, en jafnframt umdeilda?<\/p>\n\n\n\n<p><strong>Kostir gervigreindar \u00ed atvinnul\u00edfinu<\/strong><\/p>\n\n\n\n<p>Gervigreindin b\u00fd\u00f0ur upp \u00e1 fj\u00f6lmarga kosti sem fyrirt\u00e6ki og stofnanir hafa \u00feegar n\u00fdtt s\u00e9r til fulls:<\/p>\n\n\n\n<ol start=\"1\" class=\"wp-block-list\">\n<li><strong>Aukin framlei\u00f0ni<\/strong>: Me\u00f0 sj\u00e1lfvirkni getur Gervigreindin s\u00e9\u00f0 um endurtekin og t\u00edmafrek verkefni, sem eykur framlei\u00f0ni starfsmanna. T\u00e6kni eins og v\u00e9lmenni og sj\u00e1lfvirkir reiknirit hafa or\u00f0i\u00f0 til \u00feess a\u00f0 verkefni sem \u00e1\u00f0ur t\u00f3ku klukkustundir eru n\u00fa unnin \u00e1 nokkrum m\u00edn\u00fatum.<\/li>\n\n\n\n<li><strong>N\u00e1kv\u00e6mni \u00ed \u00e1kvar\u00f0anat\u00f6ku<\/strong>: Gervigreindin hefur getu til a\u00f0 vinna \u00far st\u00f3rum gagnas\u00f6fnum og greina mynstur sem eru ekki au\u00f0sj\u00e1anleg fyrir menn. \u00deessi eiginleiki b\u00e6tir \u00e1kvar\u00f0anat\u00f6kuferli \u00ed \u00fdmsum greinum, eins og \u00ed fj\u00e1rm\u00e1lum, heilbrig\u00f0is\u00fej\u00f3nustu og marka\u00f0ssetningu.<\/li>\n\n\n\n<li><strong>B\u00e6tt \u00fej\u00f3nustustig<\/strong>: Me\u00f0 notkun Gervigreindarinnar \u00ed \u00fej\u00f3nustu vi\u00f0 vi\u00f0skiptavini, eins og \u00ed spjallmennum og sj\u00e1lfvirkum s\u00edmakerfum, geta fyrirt\u00e6ki veitt tafarlausa og \u00f3slitna \u00fej\u00f3nustu. \u00deetta b\u00e6tir upplifun vi\u00f0skiptavina og minnkar bi\u00f0t\u00edma.<\/li>\n\n\n\n<li><strong>Kostna\u00f0arsparna\u00f0ur<\/strong>: Sj\u00e1lfvirknin sem Gervigreindin b\u00fd\u00f0ur upp \u00e1 gerir fyrirt\u00e6kjum kleift a\u00f0 draga \u00far kostna\u00f0i. Minni \u00fe\u00f6rf af mannlegum afskiptum \u00ed m\u00f6rgum verkefnum, sem getur minnka\u00f0 \u00fe\u00f6rf fyrir mannafli \u00ed tilteknum st\u00f6rfum.<\/li>\n<\/ol>\n\n\n\n<p><strong>Gallar og \u00e1h\u00e6ttur<\/strong><\/p>\n\n\n\n<p>\u00der\u00e1tt fyrir marga \u00e1vinninga, er ekki allt j\u00e1kv\u00e6tt vi\u00f0 innlei\u00f0ingu gervigreindar \u00ed atvinnul\u00edfi\u00f0.<\/p>\n\n\n\n<p>Nokkrar af helstu \u00e1skorunum eru:<\/p>\n\n\n\n<ol start=\"1\" class=\"wp-block-list\">\n<li><strong>Missir starfa<\/strong>: Einn st\u00e6rsti gallinn er s\u00e1 a\u00f0 m\u00f6rg st\u00f6rf eru \u00ed h\u00e6ttu vegna sj\u00e1lfvirkni. S\u00e9rstaklega eru st\u00f6rf sem byggja \u00e1 endurteknum verkefnum og l\u00e1gmarks \u00e1kvar\u00f0anat\u00f6ku \u00ed h\u00e6ttu. \u00deetta veldur \u00f3tta um auki\u00f0 atvinnuleysi og missi vinnu\u00f6ryggis fyrir marga starfsmenn.<\/li>\n\n\n\n<li><strong>Uppl\u00fdsinga\u00f6ryggi<\/strong>: Gervigreind \u00fearf a\u00f0gang a\u00f0 st\u00f3rum gagnas\u00f6fnum til a\u00f0 virka vel. \u00deetta vekur upp \u00e1hyggjur um pers\u00f3nuvernd og \u00f6ryggi gagna, s\u00e9rstaklega ef \u00feessi g\u00f6gn eru illa var\u00f0veitt e\u00f0a notu\u00f0 \u00e1n sk\u00fdrs sam\u00feykkis.<\/li>\n\n\n\n<li><strong>Skortur \u00e1 gagns\u00e6i<\/strong>: Gervigreindarkerfi taka \u00e1kvar\u00f0anir bygg\u00f0ar \u00e1 fl\u00f3knum reikniritum sem oft eru \u00f3skiljanlegir fyrir venjulega notendur. \u00deetta getur leitt til \u00feess a\u00f0 erfitt er a\u00f0 greina e\u00f0a \u00e1tta sig \u00e1 \u00fev\u00ed hvernig og af hverju tiltekin ni\u00f0ursta\u00f0a kom fram. \u00deetta getur veri\u00f0 vandam\u00e1l \u00ed vi\u00f0kv\u00e6mum greinum eins og heilbrig\u00f0is\u00fej\u00f3nustu e\u00f0a r\u00e9ttarkerfi.<\/li>\n\n\n\n<li><strong>Si\u00f0fer\u00f0ileg \u00e1litam\u00e1l<\/strong>: Spurningar um notkun gervigreindar, s\u00e9rstaklega \u00ed tengslum vi\u00f0 eftirlit, forritun hlutdr\u00e6gni og sj\u00e1lfvirka \u00e1kvar\u00f0anat\u00f6ku, vekja \u00e1hyggjur. Hvernig gervigreind ver\u00f0ur notu\u00f0, hver ber \u00e1byrg\u00f0 \u00e1 ni\u00f0urst\u00f6\u00f0um hennar, og hvernig h\u00e6gt er a\u00f0 tryggja r\u00e9ttl\u00e6ti \u00ed \u00e1kvar\u00f0anat\u00f6ku eru allt spurningar sem \u00feurfa svara.<\/li>\n<\/ol>\n\n\n\n<p><strong>Framt\u00ed\u00f0 atvinnul\u00edfsins me\u00f0 gervigreind<\/strong><\/p>\n\n\n\n<p>Framt\u00ed\u00f0in \u00ed atvinnul\u00edfinu mun \u00f3neitanlega byggjast \u00ed auknum m\u00e6li \u00e1 gervigreind, en lykilatri\u00f0i er a\u00f0 n\u00e1lgast t\u00e6kif\u00e6rin \u00e1 \u00e1byrgan h\u00e1tt. Fyrirt\u00e6ki \u00feurfa a\u00f0 huga a\u00f0 \u00fej\u00e1lfun starfsmanna til a\u00f0 starfa me\u00f0 gervigreind og leggja \u00e1herslu \u00e1 samspil manns og v\u00e9lar. \u00der\u00f3unin felur ekki a\u00f0eins \u00ed s\u00e9r a\u00f0 t\u00e6knin taki vi\u00f0 hlutverkum manna, heldur einnig a\u00f0 h\u00fan geti auki\u00f0 getu \u00feeirra.<\/p>\n\n\n\n<p>Gervigreind getur stu\u00f0la\u00f0 a\u00f0 n\u00fdsk\u00f6pun og b\u00e6tt l\u00edfsg\u00e6\u00f0i ef h\u00fan er notu\u00f0 \u00e1 skynsamlegan og si\u00f0fer\u00f0islegan h\u00e1tt. Vi\u00f0 \u00feurfum samt sem \u00e1\u00f0ur a\u00f0 g\u00e6ta \u00feess a\u00f0 mannleg sk\u00f6pun, samkennd og si\u00f0fer\u00f0i s\u00e9u ekki skipt \u00fat fyrir reiknirit.<\/p>\n","protected":false},"excerpt":{"rendered":"<p>Gervigreind er ein af \u00feeim t\u00e6kniframf\u00f6rum sem hafa umbreytt m\u00f6rgum svi\u00f0um atvinnul\u00edfsins \u00e1 undanf\u00f6rnum \u00e1rum. Fyrirt\u00e6ki \u00ed \u00fdmsum geirum, allt fr\u00e1 fj\u00e1rm\u00e1lum til framlei\u00f0slu, n\u00fdta s\u00e9r n\u00fa gervigreindina til a\u00f0 b\u00e6ta afk\u00f6st, auka n\u00e1kv\u00e6mni og sty\u00f0ja vi\u00f0 \u00e1kvar\u00f0anat\u00f6ku. En \u00fer\u00e1tt fyrir marga kosti, fylgja gervigreindinni einnig \u00e1kve\u00f0nar \u00e1skoranir og \u00e1h\u00e6ttur. Hva\u00f0 er \u00fea\u00f0 sem gerir [&hellip;]<\/p>\n","protected":false},"author":1,"featured_media":0,"parent":0,"menu_order":0,"comment_status":"closed","ping_status":"closed","template":"","meta":{"footnotes":""},"class_list":["post-80","page","type-page","status-publish","hentry"],"_links":{"self":[{"href":"https:\/\/logn.is\/index.php\/wp-json\/wp\/v2\/pages\/80","targetHints":{"allow":["GET"]}}],"collection":[{"href":"https:\/\/logn.is\/index.php\/wp-json\/wp\/v2\/pages"}],"about":[{"href":"https:\/\/logn.is\/index.php\/wp-json\/wp\/v2\/types\/page"}],"author":[{"embeddable":true,"href":"https:\/\/logn.is\/index.php\/wp-json\/wp\/v2\/users\/1"}],"replies":[{"embeddable":true,"href":"https:\/\/logn.is\/index.php\/wp-json\/wp\/v2\/comments?post=80"}],"version-history":[{"count":1,"href":"https:\/\/logn.is\/index.php\/wp-json\/wp\/v2\/pages\/80\/revisions"}],"predecessor-version":[{"id":81,"href":"https:\/\/logn.is\/index.php\/wp-json\/wp\/v2\/pages\/80\/revisions\/81"}],"wp:attachment":[{"href":"https:\/\/logn.is\/index.php\/wp-json\/wp\/v2\/media?parent=80"}],"curies":[{"name":"wp","href":"https:\/\/api.w.org\/{rel}","templated":true}]}}