{"id":78,"date":"2024-09-12T22:43:57","date_gmt":"2024-09-12T22:43:57","guid":{"rendered":"https:\/\/logn.is\/?page_id=78"},"modified":"2024-09-12T22:43:58","modified_gmt":"2024-09-12T22:43:58","slug":"list-eda-rusl-af-hverju-er-list-svona-umdeild","status":"publish","type":"page","link":"https:\/\/logn.is\/index.php\/list-eda-rusl-af-hverju-er-list-svona-umdeild\/","title":{"rendered":"List e\u00f0a rusl: Af hverju er list svona umdeild?"},"content":{"rendered":"\n<p>Yfirbor\u00f0skenndar p\u00e6lingar \u00fat fr\u00e1 MA ritger\u00f0 minni \u00ed mannfr\u00e6\u00f0i: <a href=\"https:\/\/skemman.is\/handle\/1946\/11249\">https:\/\/skemman.is\/handle\/1946\/11249<\/a><\/p>\n\n\n\n<p>List hefur fylgt manninum fr\u00e1 \u00f6r\u00f3fi alda, en \u00fer\u00e1tt fyrir langa s\u00f6gu er h\u00fan eitt mest umdeilda fyrirb\u00e6ri \u00ed samt\u00edmanum. \u00cd samf\u00e9laginu vir\u00f0ist vera sk\u00fdr klofningur milli \u00feeirra sem d\u00e1sama listina og \u00feeirra sem sj\u00e1 hana sem tilgangslausa e\u00f0a jafnvel rugl. Hvers vegna veldur list svona sterkum vi\u00f0br\u00f6g\u00f0um, og hvernig getur \u00fea\u00f0 veri\u00f0 a\u00f0 \u00fea\u00f0 sem einn telur vera st\u00f3rkostlega sk\u00f6pun, telur annar vera hreint rusl?<\/p>\n\n\n\n<p><\/p>\n\n\n\n<h3 class=\"wp-block-heading\">\u00d3l\u00edkar s\u00fdnir \u00e1 listina<\/h3>\n\n\n\n<p>List er oft k\u00f6llu\u00f0 spegill samf\u00e9lagsins, en s\u00e1 spegill endurspeglar ekki s\u00f6mu mynd fyrir alla. Sumir l\u00edta \u00e1 list sem grundvallar\u00fe\u00e1tt \u00ed menningar\u00fer\u00f3un, skapandi tj\u00e1ningu og lei\u00f0 til a\u00f0 takast \u00e1 vi\u00f0 dj\u00fapst\u00e6\u00f0ar tilfinningar e\u00f0a samf\u00e9lagsleg \u00e1litam\u00e1l. Fyrir a\u00f0ra er h\u00fan n\u00e1nast \u00f3skiljanleg, oft fl\u00f3kin, e\u00f0a vir\u00f0ist jafnvel vera b\u00fain til af f\u00e1um fyrir f\u00e1a. \u00deessi klofningur birtist \u00ed umr\u00e6\u00f0um um listamannalaun, opinbera styrki og s\u00fdningar \u2013 af hverju \u00e6tti list a\u00f0 f\u00e1 svo mikla athygli og fj\u00e1rmuni?<\/p>\n\n\n\n<p><\/p>\n\n\n\n<h3 class=\"wp-block-heading\">Hva\u00f0 er \u00fe\u00e1 list?<\/h3>\n\n\n\n<p>\u00dea\u00f0 er engin einf\u00f6ld e\u00f0a einhl\u00edt skilgreining \u00e1 \u00fev\u00ed hva\u00f0 list er, en s\u00ed\u00f0ustu \u00e1ratugi hafa listamenn broti\u00f0 ni\u00f0ur margar af \u00feeim hugmyndum sem \u00e1\u00f0ur voru vi\u00f0 l\u00fd\u00f0i. \u00c1\u00f0ur var list bundin vi\u00f0 \u00e1kve\u00f0in form og hugmyndir um fegur\u00f0 e\u00f0a verkfr\u00e6\u00f0i. N\u00fa er h\u00fan oft frj\u00e1lsari, storkar hef\u00f0bundnum hugmyndum og spyr \u00e1leitinna spurninga. Sum verk eru til d\u00e6mis hrein tilraun til a\u00f0 \u00f6gra \u00e1horfendum e\u00f0a vekja \u00fe\u00e1 til umhugsunar. \u00dea\u00f0 er ekki alltaf au\u00f0velt a\u00f0 \u201eskilja\u201c listina og \u00fea\u00f0 er ef til vill einn af helstu \u00fe\u00e1ttum sem \u00fdtir undir klofning \u00ed vi\u00f0horfum til hennar.<\/p>\n\n\n\n<p><\/p>\n\n\n\n<h3 class=\"wp-block-heading\">Menning, menntun og skynjun<\/h3>\n\n\n\n<p>Skynjun \u00e1 list er oft h\u00e1\u00f0 f\u00e9lagslegum, menningarlegum og menntunarlegum \u00fe\u00e1ttum. \u00deeir sem hafa fengi\u00f0 \u00fej\u00e1lfun e\u00f0a menntun \u00ed listum hafa oft a\u00f0ra s\u00fdn \u00e1 verk sem \u00feeir sem hafa aldrei stunda\u00f0 sl\u00edkt n\u00e1m. \u00deekking \u00e1 listas\u00f6gu, t\u00e1knfr\u00e6\u00f0i og hugmyndum listarinnar skapar \u00e1kve\u00f0inn skilning \u00e1 \u00fev\u00ed hva\u00f0 listama\u00f0urinn er a\u00f0 reyna a\u00f0 koma \u00e1 framf\u00e6ri. Fyrir marga er list d\u00e1samleg, en fyrir a\u00f0ra getur h\u00fan virst \u00f3a\u00f0gengileg e\u00f0a \u00f3skiljanleg vegna \u00feess a\u00f0 h\u00fan vir\u00f0ist ekki fylgja neinum fastm\u00f3tu\u00f0um reglum.<\/p>\n\n\n\n<h3 class=\"wp-block-heading\">Af hverju skipta \u00feessar sko\u00f0anir m\u00e1li?<\/h3>\n\n\n\n<p>\u00dea\u00f0 sem gerir \u00feetta a\u00f0 mikilv\u00e6gu umr\u00e6\u00f0uefni er s\u00fa sta\u00f0reynd a\u00f0 list hefur bein \u00e1hrif \u00e1 menningu og samf\u00e9lag. H\u00fan m\u00f3tar hvernig vi\u00f0 hugsum, hva\u00f0a spurningar vi\u00f0 spurjum, og hvernig vi\u00f0 upplifum heiminn. Klofningur \u00ed vi\u00f0horfum til listar getur bent til d\u00fdpri menningartengdra \u00e1greininga, \u00fear sem listin, eins og svo oft \u00e1\u00f0ur, \u00fej\u00f3nar sem spegill \u00e1 samf\u00e9lagi\u00f0. A\u00f0 skilja hvers vegna sumir d\u00fdrka list \u00e1 me\u00f0an a\u00f0rir hafna henni getur gefi\u00f0 inns\u00fdn \u00ed \u00fea\u00f0 hvernig vi\u00f0 skynjum fegur\u00f0, sk\u00f6pun og merkingu \u00ed okkar eigin l\u00edfi.<\/p>\n","protected":false},"excerpt":{"rendered":"<p>Yfirbor\u00f0skenndar p\u00e6lingar \u00fat fr\u00e1 MA ritger\u00f0 minni \u00ed mannfr\u00e6\u00f0i: https:\/\/skemman.is\/handle\/1946\/11249 List hefur fylgt manninum fr\u00e1 \u00f6r\u00f3fi alda, en \u00fer\u00e1tt fyrir langa s\u00f6gu er h\u00fan eitt mest umdeilda fyrirb\u00e6ri \u00ed samt\u00edmanum. \u00cd samf\u00e9laginu vir\u00f0ist vera sk\u00fdr klofningur milli \u00feeirra sem d\u00e1sama listina og \u00feeirra sem sj\u00e1 hana sem tilgangslausa e\u00f0a jafnvel rugl. Hvers vegna veldur list [&hellip;]<\/p>\n","protected":false},"author":1,"featured_media":0,"parent":0,"menu_order":0,"comment_status":"closed","ping_status":"closed","template":"","meta":{"footnotes":""},"class_list":["post-78","page","type-page","status-publish","hentry"],"_links":{"self":[{"href":"https:\/\/logn.is\/index.php\/wp-json\/wp\/v2\/pages\/78","targetHints":{"allow":["GET"]}}],"collection":[{"href":"https:\/\/logn.is\/index.php\/wp-json\/wp\/v2\/pages"}],"about":[{"href":"https:\/\/logn.is\/index.php\/wp-json\/wp\/v2\/types\/page"}],"author":[{"embeddable":true,"href":"https:\/\/logn.is\/index.php\/wp-json\/wp\/v2\/users\/1"}],"replies":[{"embeddable":true,"href":"https:\/\/logn.is\/index.php\/wp-json\/wp\/v2\/comments?post=78"}],"version-history":[{"count":1,"href":"https:\/\/logn.is\/index.php\/wp-json\/wp\/v2\/pages\/78\/revisions"}],"predecessor-version":[{"id":79,"href":"https:\/\/logn.is\/index.php\/wp-json\/wp\/v2\/pages\/78\/revisions\/79"}],"wp:attachment":[{"href":"https:\/\/logn.is\/index.php\/wp-json\/wp\/v2\/media?parent=78"}],"curies":[{"name":"wp","href":"https:\/\/api.w.org\/{rel}","templated":true}]}}