{"id":72,"date":"2024-08-16T10:13:28","date_gmt":"2024-08-16T10:13:28","guid":{"rendered":"https:\/\/logn.is\/?page_id=72"},"modified":"2024-08-16T10:13:28","modified_gmt":"2024-08-16T10:13:28","slug":"thjonusta","status":"publish","type":"page","link":"https:\/\/logn.is\/index.php\/thjonusta\/","title":{"rendered":"\u00dej\u00f3nusta"},"content":{"rendered":"\n<p>\u00c9g b\u00fd\u00f0 upp \u00e1 \u00fdmsa \u00fej\u00f3nustu, a\u00f0sto\u00f0 vi\u00f0 gangavinnslu, \u00farvinnslu ganga me\u00f0 a\u00f0sto\u00f0 gervigreindar og fyrirlestra<\/p>\n\n\n\n<p>\u00c9g er me\u00f0 nokkra sta\u00f0la\u00f0a fyrirlestra: <\/p>\n\n\n\n<ul class=\"wp-block-list\">\n<li>Hva\u00f0 er gervigreindin &#8211; hva\u00f0 er \u00fea\u00f0?<\/li>\n\n\n\n<li>Hva\u00f0 er list &#8211; list e\u00f0a rusl<\/li>\n\n\n\n<li>St\u00edlbrig\u00f0i og m\u00f6guleikar gervigreindarinnar til sk\u00f6punar<\/li>\n\n\n\n<li>Gervigreindin og \u00fe\u00fd\u00f0ingar (er \u00ed vinnslu)<\/li>\n<\/ul>\n\n\n\n<p><strong>Ver\u00f0skr\u00e1:<\/strong><\/p>\n\n\n\n<ul class=\"wp-block-list\">\n<li>fyrirlestur: 1 klst &#8211; 40.000kr<\/li>\n\n\n\n<li>fyrirlestur: 1\/2 klst &#8211; 25.000kr<\/li>\n\n\n\n<li>Lengri fyrirlestrar: samningsatri\u00f0i<\/li>\n\n\n\n<li>A\u00f0sto\u00f0 vi\u00f0 greiningu gagna og gangavinnsla: samningsatri\u00f0i.<\/li>\n<\/ul>\n","protected":false},"excerpt":{"rendered":"<p>\u00c9g b\u00fd\u00f0 upp \u00e1 \u00fdmsa \u00fej\u00f3nustu, a\u00f0sto\u00f0 vi\u00f0 gangavinnslu, \u00farvinnslu ganga me\u00f0 a\u00f0sto\u00f0 gervigreindar og fyrirlestra \u00c9g er me\u00f0 nokkra sta\u00f0la\u00f0a fyrirlestra: Ver\u00f0skr\u00e1:<\/p>\n","protected":false},"author":1,"featured_media":0,"parent":0,"menu_order":0,"comment_status":"closed","ping_status":"closed","template":"","meta":{"footnotes":""},"class_list":["post-72","page","type-page","status-publish","hentry"],"_links":{"self":[{"href":"https:\/\/logn.is\/index.php\/wp-json\/wp\/v2\/pages\/72","targetHints":{"allow":["GET"]}}],"collection":[{"href":"https:\/\/logn.is\/index.php\/wp-json\/wp\/v2\/pages"}],"about":[{"href":"https:\/\/logn.is\/index.php\/wp-json\/wp\/v2\/types\/page"}],"author":[{"embeddable":true,"href":"https:\/\/logn.is\/index.php\/wp-json\/wp\/v2\/users\/1"}],"replies":[{"embeddable":true,"href":"https:\/\/logn.is\/index.php\/wp-json\/wp\/v2\/comments?post=72"}],"version-history":[{"count":1,"href":"https:\/\/logn.is\/index.php\/wp-json\/wp\/v2\/pages\/72\/revisions"}],"predecessor-version":[{"id":73,"href":"https:\/\/logn.is\/index.php\/wp-json\/wp\/v2\/pages\/72\/revisions\/73"}],"wp:attachment":[{"href":"https:\/\/logn.is\/index.php\/wp-json\/wp\/v2\/media?parent=72"}],"curies":[{"name":"wp","href":"https:\/\/api.w.org\/{rel}","templated":true}]}}