{"id":70,"date":"2024-08-16T10:09:29","date_gmt":"2024-08-16T10:09:29","guid":{"rendered":"https:\/\/logn.is\/?page_id=70"},"modified":"2024-08-16T10:09:29","modified_gmt":"2024-08-16T10:09:29","slug":"um-mig","status":"publish","type":"page","link":"https:\/\/logn.is\/index.php\/um-mig\/","title":{"rendered":"Um mig"},"content":{"rendered":"\n<p>\u00c9g er soldi\u00f0 jack of all trades,<\/p>\n\n\n\n<p>Me\u00f0 dipl\u00f3mu \u00ed opinberri stj\u00f3rns\u00fdslu, MA \u00ed uppeldis- og menntunarfr\u00e6\u00f0um, MA \u00ed mannfr\u00e6\u00f0i, BA \u00ed myndlist. loki\u00f0 \u00e1f\u00f6ngum \u00ed Stj\u00f3rnun, Verkefnastj\u00f3rnun og uppl\u00fdsingafr\u00e6\u00f0i \u00e1 h\u00e1sk\u00f3lastigi.  <\/p>\n\n\n\n<p>\u00c9g hef unni\u00f0 vi\u00f0 allt m\u00f6gulegt, graf\u00edska h\u00f6nnun, a\u00f0sto\u00f0arkvikmyndat\u00f6kuma\u00f0ur, klippari, umbrot, s\u00e9rfr\u00e6\u00f0ingur, kennsla \u00e1 h\u00e1sk\u00f3lastigi, gar\u00f0yrkjuma\u00f0ur, afgrei\u00f0sluma\u00f0ur, flokksstj\u00f3ri, vaktstj\u00f3ri, leikritah\u00f6fundur, og \u00f6rugglega eitthva\u00f0 margt fleira.<\/p>\n\n\n\n<p>\u00c9g elska a\u00f0 l\u00e6ra, elska t\u00e6kni og er \u00e1vallt a\u00f0 storka sj\u00e1lfum m\u00e9r.<\/p>\n","protected":false},"excerpt":{"rendered":"<p>\u00c9g er soldi\u00f0 jack of all trades, Me\u00f0 dipl\u00f3mu \u00ed opinberri stj\u00f3rns\u00fdslu, MA \u00ed uppeldis- og menntunarfr\u00e6\u00f0um, MA \u00ed mannfr\u00e6\u00f0i, BA \u00ed myndlist. loki\u00f0 \u00e1f\u00f6ngum \u00ed Stj\u00f3rnun, Verkefnastj\u00f3rnun og uppl\u00fdsingafr\u00e6\u00f0i \u00e1 h\u00e1sk\u00f3lastigi. \u00c9g hef unni\u00f0 vi\u00f0 allt m\u00f6gulegt, graf\u00edska h\u00f6nnun, a\u00f0sto\u00f0arkvikmyndat\u00f6kuma\u00f0ur, klippari, umbrot, s\u00e9rfr\u00e6\u00f0ingur, kennsla \u00e1 h\u00e1sk\u00f3lastigi, gar\u00f0yrkjuma\u00f0ur, afgrei\u00f0sluma\u00f0ur, flokksstj\u00f3ri, vaktstj\u00f3ri, leikritah\u00f6fundur, og \u00f6rugglega eitthva\u00f0 [&hellip;]<\/p>\n","protected":false},"author":1,"featured_media":0,"parent":0,"menu_order":0,"comment_status":"closed","ping_status":"closed","template":"","meta":{"footnotes":""},"class_list":["post-70","page","type-page","status-publish","hentry"],"_links":{"self":[{"href":"https:\/\/logn.is\/index.php\/wp-json\/wp\/v2\/pages\/70","targetHints":{"allow":["GET"]}}],"collection":[{"href":"https:\/\/logn.is\/index.php\/wp-json\/wp\/v2\/pages"}],"about":[{"href":"https:\/\/logn.is\/index.php\/wp-json\/wp\/v2\/types\/page"}],"author":[{"embeddable":true,"href":"https:\/\/logn.is\/index.php\/wp-json\/wp\/v2\/users\/1"}],"replies":[{"embeddable":true,"href":"https:\/\/logn.is\/index.php\/wp-json\/wp\/v2\/comments?post=70"}],"version-history":[{"count":1,"href":"https:\/\/logn.is\/index.php\/wp-json\/wp\/v2\/pages\/70\/revisions"}],"predecessor-version":[{"id":71,"href":"https:\/\/logn.is\/index.php\/wp-json\/wp\/v2\/pages\/70\/revisions\/71"}],"wp:attachment":[{"href":"https:\/\/logn.is\/index.php\/wp-json\/wp\/v2\/media?parent=70"}],"curies":[{"name":"wp","href":"https:\/\/api.w.org\/{rel}","templated":true}]}}