{"id":68,"date":"2024-08-16T10:04:47","date_gmt":"2024-08-16T10:04:47","guid":{"rendered":"https:\/\/logn.is\/?page_id=68"},"modified":"2024-08-16T10:04:47","modified_gmt":"2024-08-16T10:04:47","slug":"vita-meira","status":"publish","type":"page","link":"https:\/\/logn.is\/index.php\/vita-meira\/","title":{"rendered":"Vita meira"},"content":{"rendered":"\n<p>\u00c9g hef haldi\u00f0 fyrirlestra um gervigreind, f\u00e9laglega og menningarlega n\u00e1lgun \u00e1 listir auk \u00feess sem \u00e9g hef a\u00f0sto\u00f0a\u00f0 vi\u00f0 \u00farvinnslu gagna, framsetningu og vinnslu. \u00c9g hef einnig a\u00f0sto\u00f0a\u00f0 vi\u00f0 gagna\u00f6flun vegna ranns\u00f3kna.<\/p>\n\n\n\n<p>\u00c9g hef haldi\u00f0 fj\u00f6ldi fyrirlestra um gervigreind, auk \u00feess sem \u00e9g hef fari\u00f0 d\u00fdpra \u00ed hana og fjalla\u00f0 um st\u00edlbrig\u00f0i og framsetningu texta hj\u00e1 henni.<\/p>\n\n\n\n<p>\u00c9g hef haldi\u00f0 fyrirlestra um listir, tilgang listar og hlutverk \u00ed samf\u00e9laginu s\u00e9\u00f0 \u00fat fr\u00e1 me\u00f0al J\u00f3ni \u00fear sem spurningin er: Hven\u00e6r er list list, og hven\u00e6r er list rusl?<\/p>\n\n\n\n<p>\u00c9g hef einnig a\u00f0sto\u00f0a\u00f0 \u00ed ranns\u00f3knum vi\u00f0 a\u00f0 skrapa g\u00f6gn af netinu og forrita\u00f0 gervigreindina til a\u00f0 greina g\u00f6gnin og undir b\u00faa til frekari vinnslu.<\/p>\n","protected":false},"excerpt":{"rendered":"<p>\u00c9g hef haldi\u00f0 fyrirlestra um gervigreind, f\u00e9laglega og menningarlega n\u00e1lgun \u00e1 listir auk \u00feess sem \u00e9g hef a\u00f0sto\u00f0a\u00f0 vi\u00f0 \u00farvinnslu gagna, framsetningu og vinnslu. \u00c9g hef einnig a\u00f0sto\u00f0a\u00f0 vi\u00f0 gagna\u00f6flun vegna ranns\u00f3kna. \u00c9g hef haldi\u00f0 fj\u00f6ldi fyrirlestra um gervigreind, auk \u00feess sem \u00e9g hef fari\u00f0 d\u00fdpra \u00ed hana og fjalla\u00f0 um st\u00edlbrig\u00f0i og framsetningu texta [&hellip;]<\/p>\n","protected":false},"author":1,"featured_media":0,"parent":0,"menu_order":0,"comment_status":"closed","ping_status":"closed","template":"","meta":{"footnotes":""},"class_list":["post-68","page","type-page","status-publish","hentry"],"_links":{"self":[{"href":"https:\/\/logn.is\/index.php\/wp-json\/wp\/v2\/pages\/68","targetHints":{"allow":["GET"]}}],"collection":[{"href":"https:\/\/logn.is\/index.php\/wp-json\/wp\/v2\/pages"}],"about":[{"href":"https:\/\/logn.is\/index.php\/wp-json\/wp\/v2\/types\/page"}],"author":[{"embeddable":true,"href":"https:\/\/logn.is\/index.php\/wp-json\/wp\/v2\/users\/1"}],"replies":[{"embeddable":true,"href":"https:\/\/logn.is\/index.php\/wp-json\/wp\/v2\/comments?post=68"}],"version-history":[{"count":1,"href":"https:\/\/logn.is\/index.php\/wp-json\/wp\/v2\/pages\/68\/revisions"}],"predecessor-version":[{"id":69,"href":"https:\/\/logn.is\/index.php\/wp-json\/wp\/v2\/pages\/68\/revisions\/69"}],"wp:attachment":[{"href":"https:\/\/logn.is\/index.php\/wp-json\/wp\/v2\/media?parent=68"}],"curies":[{"name":"wp","href":"https:\/\/api.w.org\/{rel}","templated":true}]}}