{"id":37,"date":"2024-03-19T19:55:51","date_gmt":"2024-03-19T19:55:51","guid":{"rendered":"https:\/\/logn.is\/?page_id=37"},"modified":"2024-03-26T18:34:38","modified_gmt":"2024-03-26T18:34:38","slug":"spurt-og-svarad","status":"publish","type":"page","link":"https:\/\/logn.is\/index.php\/spurt-og-svarad\/","title":{"rendered":"Spurt og Svara\u00f0"},"content":{"rendered":"\n<p>Algengar spurningar sem f\u00f3lk hefur um gervigreindina<\/p>\n\n\n\n<details class=\"wp-block-details is-layout-flow wp-container-core-details-is-layout-8a368f38 wp-block-details-is-layout-flow\"><summary>Hva\u00f0 er gervigreind?<\/summary>\n<p>Samkv\u00e6mt evr\u00f3pu sambandinu er gervigreind: V\u00e9lr\u00e6nt kerfi sem me\u00f0 sk\u00fdrum e\u00f0a \u00f3beinum markmi\u00f0um, \u00e1lyktar, \u00fatfr\u00e1 \u00edlaginu (input) sem \u00fea\u00f0 f\u00e6r, hvernig \u00e1 a\u00f0 b\u00faa til fr\u00e1lag (output) \u00e1 bor\u00f0 vi\u00f0: sp\u00e1r, innihald, r\u00e1\u00f0leggingar e\u00f0a \u00e1kvar\u00f0anir sem geta haft \u00e1hrif \u00e1 efnislegt- og\/e\u00f0a s\u00fdndarr\u00fdmi.<br>Margir kj\u00f3sa a\u00f0 segja a\u00f0 gervigreind s\u00e9 tilraun v\u00e9lar til a\u00f0 herma eftir, sem best h\u00fan m\u00e1, eftir mannlegri greind.<\/p>\n\n\n\n<p><\/p>\n<\/details>\n\n\n\n<details class=\"wp-block-details is-layout-flow wp-container-core-details-is-layout-8a368f38 wp-block-details-is-layout-flow\"><summary>D\u00e6mi um notkun gervigreindarinnar \u00ed dag<\/summary>\n<ul class=\"wp-block-list\">\n<li><strong>Heimilist\u00e6ki<\/strong>: Snjalls\u00edmar, snjallh\u00e1talarar og a\u00f0rar snjallheimilisb\u00fana\u00f0ur nota gervigreind til a\u00f0 b\u00e6ta notendaupplifun.<\/li>\n\n\n\n<li><strong>Samg\u00f6ngur<\/strong>: Sj\u00e1lfkeyrandi b\u00edlar og \u00e1\u00e6tlunarkerfi \u00ed almenningssamg\u00f6ngum.<\/li>\n\n\n\n<li><strong>Heilbrig\u00f0is\u00fej\u00f3nusta<\/strong>: Sj\u00fakd\u00f3msgreiningar og s\u00e9rsni\u00f0in me\u00f0fer\u00f0ar\u00e1\u00e6tlanir bygg\u00f0ar \u00e1 gagnagreiningu.<\/li>\n\n\n\n<li><strong>Vi\u00f0skipti<\/strong>: Vi\u00f0skiptagreining, marka\u00f0shneig\u00f0arsp\u00e1r og sj\u00e1lfvirk vi\u00f0skipti.<\/li>\n\n\n\n<li><strong>Menntun<\/strong>: S\u00e9rsni\u00f0in n\u00e1msreynsla og kennslug\u00f6gn bygg\u00f0 \u00e1 nemendaframvindu.<\/li>\n\n\n\n<li><strong>\u00d6ryggi<\/strong>: Andlitssk\u00f6nnun og eftirlitskerfi.<\/li>\n\n\n\n<li><strong>\u00dej\u00f3nustugeirinn<\/strong>: Sj\u00e1lfvirk vi\u00f0skiptavinna\u00fej\u00f3nusta me\u00f0 spjallsv\u00f6rum.<\/li>\n\n\n\n<li><strong>Skemmtun<\/strong>: M\u00e6lendur \u00e1 streymis\u00fej\u00f3nustum og t\u00f6lvuleikir sem a\u00f0lagast spilunarst\u00edl.<\/li>\n<\/ul>\n<\/details>\n\n\n\n<details class=\"wp-block-details is-layout-flow wp-container-core-details-is-layout-8a368f38 wp-block-details-is-layout-flow\"><summary>Hva\u00f0 er spunagreind (Generative AI)<\/summary>\n<p>Spunagreind v\u00edsar til gervigreinda sem geta b\u00fai\u00f0 til n\u00fdtt efni, hvort sem \u00fea\u00f0 er texti, myndir, t\u00f3nlist e\u00f0a a\u00f0rar tegundir af mi\u00f0lum, sem ekki var til \u00e1\u00f0ur. \u00deessi kerfi l\u00e6ra af g\u00edfurlegu magni af g\u00f6gnum til a\u00f0 skilja mynstur, st\u00edla e\u00f0a uppbyggingu, og nota s\u00ed\u00f0an \u00feennan skilning til a\u00f0 framlei\u00f0a n\u00fdtt, upprunalegt efni sem l\u00edkist \u00fev\u00ed sem l\u00e6rt var.<\/p>\n\n\n\n<p>Tv\u00e6r a\u00f0alger\u00f0ir m\u00f3dela eru hva\u00f0 vins\u00e6lastar: Tungum\u00e1lam\u00f3del (LLM) sem \u00e1 \u00edslensku hefur kallast risast\u00f3rar m\u00e1lheildir og svo myndsk\u00f6punarm\u00f3del.<\/p>\n\n\n\n<ol class=\"wp-block-list\">\n<li><strong>Risast\u00f3rar m\u00e1lheildir (LLM)<\/strong>: \u00deetta eru gervigreindarm\u00f3del sem eru h\u00f6nnu\u00f0 til a\u00f0 skilja, t\u00falka og framlei\u00f0a texta sem l\u00edkist ritu\u00f0um texta, byggt \u00e1 \u00fev\u00ed \u00edlagi sem \u00feau f\u00e1. \u00deau l\u00e6ra \u00far st\u00f3ru gagnasetti af texta og geta skrifa\u00f0 ritger\u00f0ir, svara\u00f0 spurningum e\u00f0a jafnvel b\u00fai\u00f0 til s\u00f6gur sem l\u00ed\u00f0a nokku\u00f0 n\u00e1tt\u00farulega. Til d\u00e6mis, \u00feegar \u00fe\u00fa spyr\u00f0 gervigreindina a\u00f0 spurningu, b\u00fdr h\u00fan til svar byggt \u00e1 mynstrum sem h\u00fan hef l\u00e6rt af \u00feeim g\u00f6gnum sem h\u00fan var \u00fej\u00e1lfu\u00f0 \u00e1.<\/li>\n\n\n\n<li><strong>Myndsk\u00f6punarm\u00f3del<\/strong>: \u00deessi gervigreindarkerfi geta b\u00fai\u00f0 til n\u00fdjar myndir bygg\u00f0ar \u00e1 l\u00fdsingum sem \u00feau f\u00e1. Til d\u00e6mis, ef \u00fe\u00fa l\u00fdsir \u201es\u00f3larlagi yfir fjallgar\u00f0i me\u00f0 \u00e1 \u00ed forgrunni,\u201c g\u00e6ti myndsk\u00f6punarm\u00f3del framleitt n\u00fdja mynd sem passar vi\u00f0 \u00fe\u00e1 l\u00fdsingu, \u00fe\u00f3tt \u00fea\u00f0 hafi aldrei s\u00e9\u00f0 n\u00e1kv\u00e6mlega \u00fe\u00e1 senu \u00e1\u00f0ur. M\u00f3deli\u00f0 hefur l\u00e6rt \u00far \u00f3teljandi myndum hvernig s\u00f3larlag, fj\u00f6ll og \u00e1r l\u00edta \u00fat og hvernig \u00feau eru yfirleitt s\u00fdnd saman.<\/li>\n<\/ol>\n\n\n\n<p>B\u00e1\u00f0ar ger\u00f0ir af spunagreindinni sn\u00faast um a\u00f0 skilja fl\u00f3kin mynstur \u00ed s\u00ednum vi\u00f0komandi g\u00f6gnum (texti e\u00f0a myndir) og nota s\u00ed\u00f0an \u00feann skilning til a\u00f0 b\u00faa til eitthva\u00f0 n\u00fdtt og einstakt.<\/p>\n<\/details>\n","protected":false},"excerpt":{"rendered":"<p>Algengar spurningar sem f\u00f3lk hefur um gervigreindina<\/p>\n","protected":false},"author":1,"featured_media":0,"parent":0,"menu_order":0,"comment_status":"closed","ping_status":"closed","template":"","meta":{"footnotes":""},"class_list":["post-37","page","type-page","status-publish","hentry"],"_links":{"self":[{"href":"https:\/\/logn.is\/index.php\/wp-json\/wp\/v2\/pages\/37","targetHints":{"allow":["GET"]}}],"collection":[{"href":"https:\/\/logn.is\/index.php\/wp-json\/wp\/v2\/pages"}],"about":[{"href":"https:\/\/logn.is\/index.php\/wp-json\/wp\/v2\/types\/page"}],"author":[{"embeddable":true,"href":"https:\/\/logn.is\/index.php\/wp-json\/wp\/v2\/users\/1"}],"replies":[{"embeddable":true,"href":"https:\/\/logn.is\/index.php\/wp-json\/wp\/v2\/comments?post=37"}],"version-history":[{"count":2,"href":"https:\/\/logn.is\/index.php\/wp-json\/wp\/v2\/pages\/37\/revisions"}],"predecessor-version":[{"id":39,"href":"https:\/\/logn.is\/index.php\/wp-json\/wp\/v2\/pages\/37\/revisions\/39"}],"wp:attachment":[{"href":"https:\/\/logn.is\/index.php\/wp-json\/wp\/v2\/media?parent=37"}],"curies":[{"name":"wp","href":"https:\/\/api.w.org\/{rel}","templated":true}]}}